{"id":1858,"date":"2020-11-11T12:48:08","date_gmt":"2020-11-11T18:48:08","guid":{"rendered":"https:\/\/armsaguatemala.com\/?page_id=1858"},"modified":"2020-11-11T14:03:48","modified_gmt":"2020-11-11T20:03:48","slug":"financiamiento","status":"publish","type":"page","link":"https:\/\/armsaguatemala.com\/?page_id=1858","title":{"rendered":"Financiamiento"},"content":{"rendered":"<p>[vc_row][vc_column][vc_column_text]<\/p>\n<h5><\/h5>\n<h5 style=\"text-align: center;\"><strong>Nuestros financiamientos son solo con tarjeta de cr\u00e9dito. <\/strong><\/h5>\n<h5 style=\"text-align: center;\"><strong>Para Visa-Cuotas debe de tener una tarjeta de cr\u00e9dito Visa. <\/strong><\/h5>\n<h5 style=\"text-align: center;\"><strong>Para Credi-Cuotas debe de tener una tarjeta de cr\u00e9dito Visa \u00f3 Master Card emitida por Credomatic.<\/strong><\/h5>\n<p>[\/vc_column_text][\/vc_column][\/vc_row][vc_row][vc_column width=&#8221;1\/3&#8243;][\/vc_column][vc_column width=&#8221;1\/3&#8243;][vc_column_text]<\/p>\n<h5><\/h5>\n<h5 style=\"text-align: center;\"><strong>VISA-CUOTAS<\/strong><\/h5>\n<h5 style=\"text-align: center;\"><strong>MESES \u00a0\u00a0\u00a0\u00a0\u00a0\u00a0\u00a0\u00a0\u00a0\u00a0\u00a0\u00a0\u00a0\u00a0\u00a0\u00a0 TASA TOTAL<\/strong><\/h5>\n<h5 style=\"text-align: center;\"><strong>\u00a02\u00a0\u00a0\u00a0\u00a0\u00a0\u00a0\u00a0\u00a0\u00a0\u00a0\u00a0\u00a0\u00a0\u00a0\u00a0\u00a0\u00a0\u00a0\u00a0\u00a0\u00a0\u00a0\u00a0\u00a0\u00a0\u00a0\u00a0\u00a0 5.25%<\/strong><\/h5>\n<h5 style=\"text-align: center;\"><strong>3\u00a0\u00a0\u00a0\u00a0\u00a0\u00a0\u00a0\u00a0\u00a0\u00a0\u00a0\u00a0\u00a0\u00a0\u00a0\u00a0\u00a0\u00a0\u00a0\u00a0\u00a0\u00a0\u00a0\u00a0\u00a0\u00a0\u00a0\u00a0 5.75%<\/strong><\/h5>\n<h5 style=\"text-align: center;\"><strong>6\u00a0\u00a0\u00a0\u00a0\u00a0\u00a0\u00a0\u00a0\u00a0\u00a0\u00a0\u00a0\u00a0\u00a0\u00a0\u00a0\u00a0\u00a0\u00a0\u00a0\u00a0\u00a0\u00a0\u00a0\u00a0\u00a0\u00a0\u00a0 7.00%<\/strong><\/h5>\n<h5 style=\"text-align: center;\"><strong> 10\u00a0\u00a0\u00a0\u00a0\u00a0\u00a0\u00a0\u00a0\u00a0\u00a0\u00a0\u00a0\u00a0\u00a0\u00a0\u00a0\u00a0\u00a0\u00a0\u00a0\u00a0\u00a0\u00a0\u00a0\u00a0\u00a0 7.25%<\/strong><\/h5>\n<h5 style=\"text-align: center;\"><strong>\u00a012\u00a0\u00a0\u00a0\u00a0\u00a0\u00a0\u00a0\u00a0\u00a0\u00a0\u00a0\u00a0\u00a0\u00a0\u00a0\u00a0\u00a0\u00a0\u00a0\u00a0\u00a0\u00a0\u00a0\u00a0\u00a0\u00a0 8.00%<\/strong><\/h5>\n<h5 style=\"text-align: center;\"><strong>15\u00a0\u00a0\u00a0\u00a0\u00a0\u00a0\u00a0\u00a0\u00a0\u00a0\u00a0\u00a0\u00a0\u00a0\u00a0\u00a0\u00a0\u00a0\u00a0\u00a0\u00a0\u00a0\u00a0\u00a0\u00a0\u00a0 10.00%<\/strong><\/h5>\n<h5 style=\"text-align: center;\"><strong>18\u00a0\u00a0\u00a0\u00a0\u00a0\u00a0\u00a0\u00a0\u00a0\u00a0\u00a0\u00a0\u00a0\u00a0\u00a0\u00a0\u00a0\u00a0\u00a0\u00a0\u00a0\u00a0\u00a0\u00a0\u00a0\u00a0 12.00%<\/strong><\/h5>\n<h5 style=\"text-align: center;\"><strong>CREDI-CUOTAS<\/strong><\/h5>\n<h5 style=\"text-align: center;\"><strong>MESES \u00a0\u00a0\u00a0\u00a0\u00a0\u00a0\u00a0\u00a0\u00a0\u00a0\u00a0\u00a0\u00a0\u00a0\u00a0\u00a0 TASA TOTAL<\/strong><\/h5>\n<h5 style=\"text-align: center;\"><strong>3\u00a0\u00a0\u00a0\u00a0\u00a0\u00a0\u00a0\u00a0\u00a0\u00a0\u00a0\u00a0\u00a0\u00a0\u00a0\u00a0\u00a0\u00a0\u00a0\u00a0\u00a0\u00a0\u00a0\u00a0\u00a0\u00a0\u00a0\u00a0 4.75%<\/strong><\/h5>\n<h5 style=\"text-align: center;\"><strong>6\u00a0\u00a0\u00a0\u00a0\u00a0\u00a0\u00a0\u00a0\u00a0\u00a0\u00a0\u00a0\u00a0\u00a0\u00a0\u00a0\u00a0\u00a0\u00a0\u00a0\u00a0\u00a0\u00a0\u00a0\u00a0\u00a0\u00a0\u00a0 5.50%<\/strong><\/h5>\n<h5 style=\"text-align: center;\"><strong>10\u00a0\u00a0\u00a0\u00a0\u00a0\u00a0\u00a0\u00a0\u00a0\u00a0\u00a0\u00a0\u00a0\u00a0\u00a0\u00a0\u00a0\u00a0\u00a0\u00a0\u00a0\u00a0\u00a0\u00a0\u00a0\u00a0 6.00%<\/strong><\/h5>\n<h5 style=\"text-align: center;\"><strong>12\u00a0\u00a0\u00a0\u00a0\u00a0\u00a0\u00a0\u00a0\u00a0\u00a0\u00a0\u00a0\u00a0\u00a0\u00a0\u00a0\u00a0\u00a0\u00a0\u00a0\u00a0\u00a0\u00a0\u00a0\u00a0\u00a0 7.00%<\/strong><\/h5>\n<h5 style=\"text-align: center;\"><strong>18\u00a0\u00a0\u00a0\u00a0\u00a0\u00a0\u00a0\u00a0\u00a0\u00a0\u00a0\u00a0\u00a0\u00a0\u00a0\u00a0\u00a0\u00a0\u00a0\u00a0\u00a0\u00a0\u00a0\u00a0\u00a0\u00a0 8.75%<\/strong><\/h5>\n<h5 style=\"text-align: center;\"><strong>24\u00a0\u00a0\u00a0\u00a0\u00a0\u00a0\u00a0\u00a0\u00a0\u00a0\u00a0\u00a0\u00a0\u00a0\u00a0\u00a0\u00a0\u00a0\u00a0\u00a0\u00a0\u00a0\u00a0\u00a0\u00a0\u00a0 13.00%\u00a0<\/strong><\/h5>\n<h5 style=\"text-align: center;\"><strong>36\u00a0\u00a0\u00a0\u00a0\u00a0\u00a0\u00a0\u00a0\u00a0\u00a0\u00a0\u00a0\u00a0\u00a0\u00a0\u00a0\u00a0\u00a0\u00a0\u00a0\u00a0\u00a0\u00a0\u00a0\u00a0\u00a0 18.00%<\/strong><\/h5>\n<h5 style=\"text-align: center;\"><\/h5>\n<p>[\/vc_column_text][\/vc_column][vc_column width=&#8221;1\/3&#8243;][\/vc_column][\/vc_row]<\/p>\n","protected":false},"excerpt":{"rendered":"<p>[vc_row][vc_column][vc_column_text] Nuestros financiamientos son solo con tarjeta de cr\u00e9dito. Para Visa-Cuotas debe de tener una tarjeta de cr\u00e9dito Visa. Para Credi-Cuotas debe de tener una tarjeta de cr\u00e9dito Visa \u00f3 Master Card emitida por Credomatic. [\/vc_column_text][\/vc_column][\/vc_row][vc_row][vc_column width=&#8221;1\/3&#8243;][\/vc_column][vc_column width=&#8221;1\/3&#8243;][vc_column_text] VISA-CUOTAS MESES \u00a0\u00a0\u00a0\u00a0\u00a0\u00a0\u00a0\u00a0\u00a0\u00a0\u00a0\u00a0\u00a0\u00a0\u00a0\u00a0 TASA TOTAL \u00a02\u00a0\u00a0\u00a0\u00a0\u00a0\u00a0\u00a0\u00a0\u00a0\u00a0\u00a0\u00a0\u00a0\u00a0\u00a0\u00a0\u00a0\u00a0\u00a0\u00a0\u00a0\u00a0\u00a0\u00a0\u00a0\u00a0\u00a0\u00a0 5.25% 3\u00a0\u00a0\u00a0\u00a0\u00a0\u00a0\u00a0\u00a0\u00a0\u00a0\u00a0\u00a0\u00a0\u00a0\u00a0\u00a0\u00a0\u00a0\u00a0\u00a0\u00a0\u00a0\u00a0\u00a0\u00a0\u00a0\u00a0\u00a0 5.75% 6\u00a0\u00a0\u00a0\u00a0\u00a0\u00a0\u00a0\u00a0\u00a0\u00a0\u00a0\u00a0\u00a0\u00a0\u00a0\u00a0\u00a0\u00a0\u00a0\u00a0\u00a0\u00a0\u00a0\u00a0\u00a0\u00a0\u00a0\u00a0 7.00% 10\u00a0\u00a0\u00a0\u00a0\u00a0\u00a0\u00a0\u00a0\u00a0\u00a0\u00a0\u00a0\u00a0\u00a0\u00a0\u00a0\u00a0\u00a0\u00a0\u00a0\u00a0\u00a0\u00a0\u00a0\u00a0\u00a0 7.25% \u00a012\u00a0\u00a0\u00a0\u00a0\u00a0\u00a0\u00a0\u00a0\u00a0\u00a0\u00a0\u00a0\u00a0\u00a0\u00a0\u00a0\u00a0\u00a0\u00a0\u00a0\u00a0\u00a0\u00a0\u00a0\u00a0\u00a0 8.00% 15\u00a0\u00a0\u00a0\u00a0\u00a0\u00a0\u00a0\u00a0\u00a0\u00a0\u00a0\u00a0\u00a0\u00a0\u00a0\u00a0\u00a0\u00a0\u00a0\u00a0\u00a0\u00a0\u00a0\u00a0\u00a0\u00a0 10.00% 18\u00a0\u00a0\u00a0\u00a0\u00a0\u00a0\u00a0\u00a0\u00a0\u00a0\u00a0\u00a0\u00a0\u00a0\u00a0\u00a0\u00a0\u00a0\u00a0\u00a0\u00a0\u00a0\u00a0\u00a0\u00a0\u00a0 12.00% CREDI-CUOTAS MESES \u00a0\u00a0\u00a0\u00a0\u00a0\u00a0\u00a0\u00a0\u00a0\u00a0\u00a0\u00a0\u00a0\u00a0\u00a0\u00a0&hellip;<\/p>\n","protected":false},"author":144,"featured_media":0,"parent":0,"menu_order":0,"comment_status":"closed","ping_status":"closed","template":"buddypress.php","meta":{"footnotes":""},"_links":{"self":[{"href":"https:\/\/armsaguatemala.com\/index.php?rest_route=\/wp\/v2\/pages\/1858"}],"collection":[{"href":"https:\/\/armsaguatemala.com\/index.php?rest_route=\/wp\/v2\/pages"}],"about":[{"href":"https:\/\/armsaguatemala.com\/index.php?rest_route=\/wp\/v2\/types\/page"}],"author":[{"embeddable":true,"href":"https:\/\/armsaguatemala.com\/index.php?rest_route=\/wp\/v2\/users\/144"}],"replies":[{"embeddable":true,"href":"https:\/\/armsaguatemala.com\/index.php?rest_route=%2Fwp%2Fv2%2Fcomments&post=1858"}],"version-history":[{"count":5,"href":"https:\/\/armsaguatemala.com\/index.php?rest_route=\/wp\/v2\/pages\/1858\/revisions"}],"predecessor-version":[{"id":1890,"href":"https:\/\/armsaguatemala.com\/index.php?rest_route=\/wp\/v2\/pages\/1858\/revisions\/1890"}],"wp:attachment":[{"href":"https:\/\/armsaguatemala.com\/index.php?rest_route=%2Fwp%2Fv2%2Fmedia&parent=1858"}],"curies":[{"name":"wp","href":"https:\/\/api.w.org\/{rel}","templated":true}]}}